{"id":3240,"date":"2023-06-08T16:20:32","date_gmt":"2023-06-08T20:20:32","guid":{"rendered":"https:\/\/atwill-morin.com\/?page_id=3240"},"modified":"2023-07-19T14:03:09","modified_gmt":"2023-07-19T18:03:09","slug":"privacy","status":"publish","type":"page","link":"https:\/\/atwill-morin.com\/en\/privacy\/","title":{"rendered":"Privacy Policy"},"content":{"rendered":"\t\t<div data-elementor-type=\"wp-page\" data-elementor-id=\"3240\" class=\"elementor elementor-3240 elementor-3239\" data-elementor-post-type=\"page\">\n\t\t\t\t\t\t<section class=\"elementor-section elementor-top-section elementor-element elementor-element-396db79 elementor-section-boxed elementor-section-height-default elementor-section-height-default\" data-id=\"396db79\" data-element_type=\"section\" data-e-type=\"section\">\n\t\t\t\t\t\t<div class=\"elementor-container elementor-column-gap-default\">\n\t\t\t\t\t<div class=\"elementor-column elementor-col-100 elementor-top-column elementor-element elementor-element-c8c53e5\" data-id=\"c8c53e5\" data-element_type=\"column\" data-e-type=\"column\">\n\t\t\t<div class=\"elementor-widget-wrap elementor-element-populated\">\n\t\t\t\t\t\t<div class=\"elementor-element elementor-element-18d3657 elementor-widget elementor-widget-heading\" data-id=\"18d3657\" data-element_type=\"widget\" data-e-type=\"widget\" data-widget_type=\"heading.default\">\n\t\t\t\t<div class=\"elementor-widget-container\">\n\t\t\t\t\t<h2 class=\"elementor-heading-title elementor-size-default\">Privacy Policy<\/h2>\t\t\t\t<\/div>\n\t\t\t\t<\/div>\n\t\t\t\t\t<\/div>\n\t\t<\/div>\n\t\t\t\t\t<\/div>\n\t\t<\/section>\n\t\t\t\t<section class=\"elementor-section elementor-top-section elementor-element elementor-element-ba6675e elementor-section-boxed elementor-section-height-default elementor-section-height-default\" data-id=\"ba6675e\" data-element_type=\"section\" data-e-type=\"section\">\n\t\t\t\t\t\t<div class=\"elementor-container elementor-column-gap-default\">\n\t\t\t\t\t<div class=\"elementor-column elementor-col-100 elementor-top-column elementor-element elementor-element-311567a\" data-id=\"311567a\" data-element_type=\"column\" data-e-type=\"column\">\n\t\t\t<div class=\"elementor-widget-wrap elementor-element-populated\">\n\t\t\t\t\t\t<div class=\"elementor-element elementor-element-1347691 elementor-widget elementor-widget-text-editor\" data-id=\"1347691\" data-element_type=\"widget\" data-e-type=\"widget\" data-widget_type=\"text-editor.default\">\n\t\t\t\t<div class=\"elementor-widget-container\">\n\t\t\t\t\t\t\t\t\t<p style=\"text-align: center;\">The purpose of this policy is to inform Atwill-Morin&#8217;s customers and users of how Atwill-Morin collects, holds, uses, communicates, transfers and stores their personal information, all in accordance with The act respecting the protection of personal information in the private sector.<\/p>\t\t\t\t\t\t\t\t<\/div>\n\t\t\t\t<\/div>\n\t\t\t\t\t<\/div>\n\t\t<\/div>\n\t\t\t\t\t<\/div>\n\t\t<\/section>\n\t\t\t\t<section class=\"elementor-section elementor-top-section elementor-element elementor-element-ef60e56 elementor-section-boxed elementor-section-height-default elementor-section-height-default\" data-id=\"ef60e56\" data-element_type=\"section\" data-e-type=\"section\">\n\t\t\t\t\t\t<div class=\"elementor-container elementor-column-gap-default\">\n\t\t\t\t\t<div class=\"elementor-column elementor-col-100 elementor-top-column elementor-element elementor-element-16adbcf\" data-id=\"16adbcf\" data-element_type=\"column\" data-e-type=\"column\" data-settings=\"{&quot;background_background&quot;:&quot;classic&quot;}\">\n\t\t\t<div class=\"elementor-widget-wrap elementor-element-populated\">\n\t\t\t\t\t\t<div class=\"elementor-element elementor-element-bb6fa40 elementor-widget elementor-widget-text-editor\" data-id=\"bb6fa40\" data-element_type=\"widget\" data-e-type=\"widget\" data-widget_type=\"text-editor.default\">\n\t\t\t\t<div class=\"elementor-widget-container\">\n\t\t\t\t\t\t\t\t\t<p><strong>DEFINITIONS<\/strong><\/p><ul><li>&#8220;Platform&#8221;: Atwill-Morin&#8217;s website, mobile applications developed on behalf of Atwill-Morin, social networks and social media, that allows the customer to interact online with Atwill-Morin.<br \/><br \/><\/li><li>&#8220;Client&#8221;: Any one aged 13 or over who consults, uses, participates, communicates with the platform.<br \/><br \/><\/li><li>\u201cPersonal Information\u201d: Includes identification and authentication information, communications with Atwill-Morin, information about your use of our platform and any other data shared freely in verbal, written, electronic or any other way.<\/li><\/ul><p><strong>SCOPE AND APPLICATION <\/strong><\/p><ul><li>When the customer consults and uses the platform, he gives Atwill-Morin express or tacit authorization\u00a0 to collect, use and communicate his information in accordance with the terms of this policy.<br \/><br \/><\/li><li>The customer certifies having read and understood this policy, as well as the use of cookies.<\/li><\/ul><p><strong>LIMITATIONS ON USE OF INFORMATION<\/strong><\/p><ul><li>The general principle is that Atwill-Morin uses information only for the purposes for which it was collected, unless the customer has given consent to another use or the laws require it.<br \/><br \/><\/li><li>Atwill-Morin may disclose personal information, without the client&#8217;s consent, to third parties: Judicial and regulatory authorities in the case of criminal activities; to comply with a court order; due to an emergency that threatens life, health or security; for the protection of the assets of Atwill-Morin; etc.<\/li><\/ul><p><strong>PRIVACY AND SECURITY<\/strong><\/p><ul><li>Atwill-Morin recognizes the confidential nature of the information and takes reasonable measures to protect its confidentiality and takes reasonable security measures.<\/li><\/ul><p><strong>DATA &amp; INFORMATION STORAGE<\/strong><\/p><ul><li>Atwill-Morin keeps information only as long as is reasonably necessary to fulfill the purpose for which it was collected or to meet legal requirements.<\/li><\/ul><p><strong>CUSTOMER ACCESS TO INFORMATION<\/strong><\/p><ul><li>The customer may contact Atwill-Morin to review and correct any personal information collected, used or disclosed.<\/li><\/ul><p><strong>DATA PROTECTION OFFICER<\/strong><\/p><ul><li>The Data Protection Officer is responsible for determining the purposes and means of processing personal information.<br \/><br \/><\/li><li>Atwill-Morin will provide, upon request, the name of this person, responsible for the protection of information whose general coordinates are set out below: <em>Responsable de la protection des renseignements personnels Atwill-Morin, 3730 Cr\u00e9mazie Est, Montr\u00e9al, Qu\u00e9bec, H2A 1B4<\/em><\/li><\/ul>\t\t\t\t\t\t\t\t<\/div>\n\t\t\t\t<\/div>\n\t\t\t\t\t<\/div>\n\t\t<\/div>\n\t\t\t\t\t<\/div>\n\t\t<\/section>\n\t\t\t\t<section class=\"elementor-section elementor-top-section elementor-element elementor-element-cd69178 elementor-section-boxed elementor-section-height-default elementor-section-height-default\" data-id=\"cd69178\" data-element_type=\"section\" data-e-type=\"section\">\n\t\t\t\t\t\t<div class=\"elementor-container elementor-column-gap-default\">\n\t\t\t\t\t<div class=\"elementor-column elementor-col-100 elementor-top-column elementor-element elementor-element-18b5955\" data-id=\"18b5955\" data-element_type=\"column\" data-e-type=\"column\">\n\t\t\t<div class=\"elementor-widget-wrap elementor-element-populated\">\n\t\t\t\t\t\t<div class=\"elementor-element elementor-element-05fe2ee elementor-widget elementor-widget-text-editor\" data-id=\"05fe2ee\" data-element_type=\"widget\" data-e-type=\"widget\" data-widget_type=\"text-editor.default\">\n\t\t\t\t<div class=\"elementor-widget-container\">\n\t\t\t\t\t\t\t\t\t<p style=\"text-align: center;\"><span style=\"font-style: inherit; font-weight: inherit; color: var(--ast-global-color-0);\"><br \/>Detailed policy available upon request.\u00a0<\/span><\/p>\t\t\t\t\t\t\t\t<\/div>\n\t\t\t\t<\/div>\n\t\t\t\t<div class=\"elementor-element elementor-element-00ab2c8 elementor-widget elementor-widget-spacer\" data-id=\"00ab2c8\" data-element_type=\"widget\" data-e-type=\"widget\" data-widget_type=\"spacer.default\">\n\t\t\t\t<div class=\"elementor-widget-container\">\n\t\t\t\t\t\t\t<div class=\"elementor-spacer\">\n\t\t\t<div class=\"elementor-spacer-inner\"><\/div>\n\t\t<\/div>\n\t\t\t\t\t\t<\/div>\n\t\t\t\t<\/div>\n\t\t\t\t\t<\/div>\n\t\t<\/div>\n\t\t\t\t\t<\/div>\n\t\t<\/section>\n\t\t\t\t<\/div>\n\t\t","protected":false},"excerpt":{"rendered":"<p>Privacy Policy The purpose of this policy is to inform Atwill-Morin&#8217;s customers and users of how Atwill-Morin collects, holds, uses, communicates, transfers and stores their personal information, all in accordance with The act respecting the protection of personal information in the private sector. DEFINITIONS &#8220;Platform&#8221;: Atwill-Morin&#8217;s website, mobile applications developed on behalf of Atwill-Morin, social [&hellip;]<\/p>\n","protected":false},"author":5,"featured_media":1665,"parent":0,"menu_order":0,"comment_status":"closed","ping_status":"closed","template":"","meta":{"_acf_changed":false,"site-sidebar-layout":"no-sidebar","site-content-layout":"page-builder","ast-site-content-layout":"default","site-content-style":"default","site-sidebar-style":"default","ast-global-header-display":"","ast-banner-title-visibility":"","ast-main-header-display":"","ast-hfb-above-header-display":"","ast-hfb-below-header-display":"","ast-hfb-mobile-header-display":"","site-post-title":"disabled","ast-breadcrumbs-content":"","ast-featured-img":"disabled","footer-sml-layout":"","ast-disable-related-posts":"","theme-transparent-header-meta":"default","adv-header-id-meta":"","stick-header-meta":"default","header-above-stick-meta":"","header-main-stick-meta":"","header-below-stick-meta":"","astra-migrate-meta-layouts":"default","ast-page-background-enabled":"default","ast-page-background-meta":{"desktop":{"background-color":"","background-image":"","background-repeat":"repeat","background-position":"center center","background-size":"auto","background-attachment":"scroll","background-type":"","background-media":"","overlay-type":"","overlay-color":"","overlay-opacity":"","overlay-gradient":""},"tablet":{"background-color":"","background-image":"","background-repeat":"repeat","background-position":"center center","background-size":"auto","background-attachment":"scroll","background-type":"","background-media":"","overlay-type":"","overlay-color":"","overlay-opacity":"","overlay-gradient":""},"mobile":{"background-color":"","background-image":"","background-repeat":"repeat","background-position":"center center","background-size":"auto","background-attachment":"scroll","background-type":"","background-media":"","overlay-type":"","overlay-color":"","overlay-opacity":"","overlay-gradient":""}},"ast-content-background-meta":{"desktop":{"background-color":"var(--ast-global-color-5)","background-image":"","background-repeat":"repeat","background-position":"center center","background-size":"auto","background-attachment":"scroll","background-type":"","background-media":"","overlay-type":"","overlay-color":"","overlay-opacity":"","overlay-gradient":""},"tablet":{"background-color":"var(--ast-global-color-5)","background-image":"","background-repeat":"repeat","background-position":"center center","background-size":"auto","background-attachment":"scroll","background-type":"","background-media":"","overlay-type":"","overlay-color":"","overlay-opacity":"","overlay-gradient":""},"mobile":{"background-color":"var(--ast-global-color-5)","background-image":"","background-repeat":"repeat","background-position":"center center","background-size":"auto","background-attachment":"scroll","background-type":"","background-media":"","overlay-type":"","overlay-color":"","overlay-opacity":"","overlay-gradient":""}},"footnotes":""},"class_list":["post-3240","page","type-page","status-publish","has-post-thumbnail","hentry"],"acf":[],"yoast_head":"<!-- This site is optimized with the Yoast SEO Premium plugin v27.3 (Yoast SEO v27.5) - https:\/\/yoast.com\/product\/yoast-seo-premium-wordpress\/ -->\n<title>Privacy Policy | Atwill<\/title>\n<meta name=\"description\" content=\"The purpose of this policy is to inform of how Atwill-Morin collects, holds, uses, communicates and stores users personal information.\" \/>\n<meta name=\"robots\" content=\"index, follow, max-snippet:-1, max-image-preview:large, max-video-preview:-1\" \/>\n<link rel=\"canonical\" href=\"https:\/\/atwill-morin.com\/en\/privacy\/\" \/>\n<meta property=\"og:locale\" content=\"en_US\" \/>\n<meta property=\"og:type\" content=\"article\" \/>\n<meta property=\"og:title\" content=\"Privacy Policy\" \/>\n<meta property=\"og:description\" content=\"The purpose of this policy is to inform of how Atwill-Morin collects, holds, uses, communicates and stores users personal information.\" \/>\n<meta property=\"og:url\" content=\"https:\/\/atwill-morin.com\/en\/privacy\/\" \/>\n<meta property=\"og:site_name\" content=\"Atwill\" \/>\n<meta property=\"article:modified_time\" content=\"2023-07-19T18:03:09+00:00\" \/>\n<meta property=\"og:image\" content=\"https:\/\/atwill-morin.com\/wp-content\/uploads\/2022\/08\/mask-group-102-1.png\" \/>\n\t<meta property=\"og:image:width\" content=\"974\" \/>\n\t<meta property=\"og:image:height\" content=\"647\" \/>\n\t<meta property=\"og:image:type\" content=\"image\/png\" \/>\n<meta name=\"twitter:card\" content=\"summary_large_image\" \/>\n<meta name=\"twitter:label1\" content=\"Est. reading time\" \/>\n\t<meta name=\"twitter:data1\" content=\"2 minutes\" \/>\n<!-- \/ Yoast SEO Premium plugin. -->","yoast_head_json":{"title":"Privacy Policy | Atwill","description":"The purpose of this policy is to inform of how Atwill-Morin collects, holds, uses, communicates and stores users personal information.","robots":{"index":"index","follow":"follow","max-snippet":"max-snippet:-1","max-image-preview":"max-image-preview:large","max-video-preview":"max-video-preview:-1"},"canonical":"https:\/\/atwill-morin.com\/en\/privacy\/","og_locale":"en_US","og_type":"article","og_title":"Privacy Policy","og_description":"The purpose of this policy is to inform of how Atwill-Morin collects, holds, uses, communicates and stores users personal information.","og_url":"https:\/\/atwill-morin.com\/en\/privacy\/","og_site_name":"Atwill","article_modified_time":"2023-07-19T18:03:09+00:00","og_image":[{"width":974,"height":647,"url":"https:\/\/atwill-morin.com\/wp-content\/uploads\/2022\/08\/mask-group-102-1.png","type":"image\/png"}],"twitter_card":"summary_large_image","twitter_misc":{"Est. reading time":"2 minutes"},"schema":{"@context":"https:\/\/schema.org","@graph":[{"@type":"WebPage","@id":"https:\/\/atwill-morin.com\/en\/privacy\/","url":"https:\/\/atwill-morin.com\/en\/privacy\/","name":"Privacy Policy | Atwill","isPartOf":{"@id":"https:\/\/atwill-morin.com\/en\/#website"},"primaryImageOfPage":{"@id":"https:\/\/atwill-morin.com\/en\/privacy\/#primaryimage"},"image":{"@id":"https:\/\/atwill-morin.com\/en\/privacy\/#primaryimage"},"thumbnailUrl":"https:\/\/atwill-morin.com\/wp-content\/uploads\/2022\/08\/mask-group-102-1.png","datePublished":"2023-06-08T20:20:32+00:00","dateModified":"2023-07-19T18:03:09+00:00","description":"The purpose of this policy is to inform of how Atwill-Morin collects, holds, uses, communicates and stores users personal information.","breadcrumb":{"@id":"https:\/\/atwill-morin.com\/en\/privacy\/#breadcrumb"},"inLanguage":"en-US","potentialAction":[{"@type":"ReadAction","target":["https:\/\/atwill-morin.com\/en\/privacy\/"]}]},{"@type":"ImageObject","inLanguage":"en-US","@id":"https:\/\/atwill-morin.com\/en\/privacy\/#primaryimage","url":"https:\/\/atwill-morin.com\/wp-content\/uploads\/2022\/08\/mask-group-102-1.png","contentUrl":"https:\/\/atwill-morin.com\/wp-content\/uploads\/2022\/08\/mask-group-102-1.png","width":974,"height":647,"caption":"\u00c9quipe-de-charg\u00e9s-de-projet-briqueteurs-ma\u00e7ons"},{"@type":"BreadcrumbList","@id":"https:\/\/atwill-morin.com\/en\/privacy\/#breadcrumb","itemListElement":[{"@type":"ListItem","position":1,"name":"Home","item":"https:\/\/atwill-morin.com\/en\/"},{"@type":"ListItem","position":2,"name":"Privacy Policy"}]},{"@type":"WebSite","@id":"https:\/\/atwill-morin.com\/en\/#website","url":"https:\/\/atwill-morin.com\/en\/","name":"Atwill-Morin","description":"","publisher":{"@id":"https:\/\/atwill-morin.com\/en\/#organization"},"potentialAction":[{"@type":"SearchAction","target":{"@type":"EntryPoint","urlTemplate":"https:\/\/atwill-morin.com\/en\/?s={search_term_string}"},"query-input":{"@type":"PropertyValueSpecification","valueRequired":true,"valueName":"search_term_string"}}],"inLanguage":"en-US"},{"@type":"Organization","@id":"https:\/\/atwill-morin.com\/en\/#organization","name":"Atwill-Morin","url":"https:\/\/atwill-morin.com\/en\/","logo":{"@type":"ImageObject","inLanguage":"en-US","@id":"https:\/\/atwill-morin.com\/en\/#\/schema\/logo\/image\/","url":"https:\/\/atwill-morin.com\/wp-content\/uploads\/2022\/08\/atwill-logo.png","contentUrl":"https:\/\/atwill-morin.com\/wp-content\/uploads\/2022\/08\/atwill-logo.png","width":130,"height":107,"caption":"Atwill-Morin"},"image":{"@id":"https:\/\/atwill-morin.com\/en\/#\/schema\/logo\/image\/"}}]}},"_links":{"self":[{"href":"https:\/\/atwill-morin.com\/en\/wp-json\/wp\/v2\/pages\/3240","targetHints":{"allow":["GET"]}}],"collection":[{"href":"https:\/\/atwill-morin.com\/en\/wp-json\/wp\/v2\/pages"}],"about":[{"href":"https:\/\/atwill-morin.com\/en\/wp-json\/wp\/v2\/types\/page"}],"author":[{"embeddable":true,"href":"https:\/\/atwill-morin.com\/en\/wp-json\/wp\/v2\/users\/5"}],"replies":[{"embeddable":true,"href":"https:\/\/atwill-morin.com\/en\/wp-json\/wp\/v2\/comments?post=3240"}],"version-history":[{"count":0,"href":"https:\/\/atwill-morin.com\/en\/wp-json\/wp\/v2\/pages\/3240\/revisions"}],"wp:featuredmedia":[{"embeddable":true,"href":"https:\/\/atwill-morin.com\/en\/wp-json\/wp\/v2\/media\/1665"}],"wp:attachment":[{"href":"https:\/\/atwill-morin.com\/en\/wp-json\/wp\/v2\/media?parent=3240"}],"curies":[{"name":"wp","href":"https:\/\/api.w.org\/{rel}","templated":true}]}}